{"id":612,"date":"2024-11-13T23:43:41","date_gmt":"2024-11-13T22:43:41","guid":{"rendered":"https:\/\/antiqueandco.be\/?post_type=product&#038;p=612"},"modified":"2024-12-17T16:55:15","modified_gmt":"2024-12-17T15:55:15","slug":"verres-val-saint-lambert","status":"publish","type":"product","link":"https:\/\/antiqueandco.be\/?product=verres-val-saint-lambert","title":{"rendered":"Verres Val Saint Lambert"},"content":{"rendered":"","protected":false},"excerpt":{"rendered":"<p><strong>S\u00e9rie de 5&#215;12 verres en cristal Val Saint Lambert<\/strong><\/p>\n<p>Lot exceptionnel de 60 verres en cristal de la c\u00e9l\u00e8bre cristallerie <em>Val Saint Lambert<\/em>, comprenant diff\u00e9rentes tailles pour vos vins et spiritueux. La s\u00e9rie se compose de 5 mod\u00e8les assortis de 12 verres chacun, pour une pr\u00e9sentation \u00e9l\u00e9gante et raffin\u00e9e. Trois verres \u00e0 vin blanc pr\u00e9sentent de petits \u00e9clats, mais l\u2019ensemble reste en excellent \u00e9tat et d\u2019une grande clart\u00e9.<\/p>\n<p>Ce service en cristal est id\u00e9al pour les collectionneurs, les amateurs de vaisselle fine, ou pour une table de r\u00e9ception distingu\u00e9e. La qualit\u00e9 et la transparence du cristal Val Saint Lambert ajoutent un \u00e9clat incomparable \u00e0 ce lot.<\/p>\n<p><strong>D\u00e9tails :<\/strong><\/p>\n<ul>\n<li><strong>Marque :<\/strong> Val Saint Lambert<\/li>\n<li><strong>Quantit\u00e9 totale :<\/strong> 60 verres<\/li>\n<li><strong>\u00c9tat :<\/strong> Bon \u00e9tat g\u00e9n\u00e9ral (3 verres \u00e0 vin blanc avec petits \u00e9clats)<\/li>\n<li><strong>Utilisation :<\/strong> Parfait pour vins, cocktails, et r\u00e9ceptions \u00e9l\u00e9gantes<\/li>\n<\/ul>\n<p><strong>Contact<\/strong> : Pour plus de d\u00e9tails veuillez me contacter par mail ou t\u00e9l\u00e9phone.<\/p>\n<p><strong>Prix : 550euro<\/strong><\/p>\n","protected":false},"featured_media":567,"template":"","meta":{"site-sidebar-layout":"default","site-content-layout":"","ast-site-content-layout":"default","site-content-style":"default","site-sidebar-style":"default","ast-global-header-display":"","ast-banner-title-visibility":"","ast-main-header-display":"","ast-hfb-above-header-display":"","ast-hfb-below-header-display":"","ast-hfb-mobile-header-display":"","site-post-title":"","ast-breadcrumbs-content":"","ast-featured-img":"","footer-sml-layout":"","theme-transparent-header-meta":"default","adv-header-id-meta":"","stick-header-meta":"","header-above-stick-meta":"","header-main-stick-meta":"","header-below-stick-meta":"","astra-migrate-meta-layouts":"set","ast-page-background-enabled":"default","ast-page-background-meta":{"desktop":{"background-color":"var(--ast-global-color-4)","background-image":"","background-repeat":"repeat","background-position":"center center","background-size":"auto","background-attachment":"scroll","background-type":"","background-media":"","overlay-type":"","overlay-color":"","overlay-gradient":""},"tablet":{"background-color":"","background-image":"","background-repeat":"repeat","background-position":"center center","background-size":"auto","background-attachment":"scroll","background-type":"","background-media":"","overlay-type":"","overlay-color":"","overlay-gradient":""},"mobile":{"background-color":"","background-image":"","background-repeat":"repeat","background-position":"center center","background-size":"auto","background-attachment":"scroll","background-type":"","background-media":"","overlay-type":"","overlay-color":"","overlay-gradient":""}},"ast-content-background-meta":{"desktop":{"background-color":"var(--ast-global-color-5)","background-image":"","background-repeat":"repeat","background-position":"center center","background-size":"auto","background-attachment":"scroll","background-type":"","background-media":"","overlay-type":"","overlay-color":"","overlay-gradient":""},"tablet":{"background-color":"var(--ast-global-color-5)","background-image":"","background-repeat":"repeat","background-position":"center center","background-size":"auto","background-attachment":"scroll","background-type":"","background-media":"","overlay-type":"","overlay-color":"","overlay-gradient":""},"mobile":{"background-color":"var(--ast-global-color-5)","background-image":"","background-repeat":"repeat","background-position":"center center","background-size":"auto","background-attachment":"scroll","background-type":"","background-media":"","overlay-type":"","overlay-color":"","overlay-gradient":""}}},"product_cat":[31],"product_tag":[],"class_list":{"0":"post-612","1":"product","2":"type-product","3":"status-publish","4":"has-post-thumbnail","6":"product_cat-verrerie-et-vaiselle","7":"desktop-align-left","8":"tablet-align-left","9":"mobile-align-left","10":"ast-product-gallery-layout-horizontal-slider","11":"ast-product-tabs-layout-horizontal","13":"first","14":"instock","15":"shipping-taxable","16":"product-type-simple"},"jetpack_sharing_enabled":true,"_links":{"self":[{"href":"https:\/\/antiqueandco.be\/index.php?rest_route=\/wp\/v2\/product\/612","targetHints":{"allow":["GET"]}}],"collection":[{"href":"https:\/\/antiqueandco.be\/index.php?rest_route=\/wp\/v2\/product"}],"about":[{"href":"https:\/\/antiqueandco.be\/index.php?rest_route=\/wp\/v2\/types\/product"}],"wp:featuredmedia":[{"embeddable":true,"href":"https:\/\/antiqueandco.be\/index.php?rest_route=\/wp\/v2\/media\/567"}],"wp:attachment":[{"href":"https:\/\/antiqueandco.be\/index.php?rest_route=%2Fwp%2Fv2%2Fmedia&parent=612"}],"wp:term":[{"taxonomy":"product_cat","embeddable":true,"href":"https:\/\/antiqueandco.be\/index.php?rest_route=%2Fwp%2Fv2%2Fproduct_cat&post=612"},{"taxonomy":"product_tag","embeddable":true,"href":"https:\/\/antiqueandco.be\/index.php?rest_route=%2Fwp%2Fv2%2Fproduct_tag&post=612"}],"curies":[{"name":"wp","href":"https:\/\/api.w.org\/{rel}","templated":true}]}}