{"id":611,"date":"2024-11-13T23:34:01","date_gmt":"2024-11-13T22:34:01","guid":{"rendered":"https:\/\/antiqueandco.be\/?post_type=product&#038;p=611"},"modified":"2024-12-17T16:56:15","modified_gmt":"2024-12-17T15:56:15","slug":"badge-automobile","status":"publish","type":"product","link":"https:\/\/antiqueandco.be\/?product=badge-automobile","title":{"rendered":"Badge automobile"},"content":{"rendered":"","protected":false},"excerpt":{"rendered":"<p><strong>Insigne Vintage \u00ab\u00a0Ancien du Volant\u00a0\u00bb \u2013 1929<\/strong><\/p>\n<p>Rare insigne de collection portant l\u2019inscription <em>\u00ab\u00a0Ancien du Volant\u00a0\u00bb<\/em> , symbole d\u2019honneur pour les conducteurs chevronn\u00e9s des ann\u00e9es 1920. Cet insigne datant de 1929 est orn\u00e9 d\u2019une couronne et d\u2019une couronne de laurier, des symboles de prestige et de distinction. En son centre, un motif de volant rappelle son lien avec les clubs ou associations de conduite de l&rsquo;\u00e9poque. L\u2019inscription <em>N\u00b0 2978 &#8211; 1929<\/em> indique qu\u2019il fait partie d&rsquo;une s\u00e9rie num\u00e9rot\u00e9e, ce qui accentue sa raret\u00e9.<\/p>\n<p>Cet insigne repr\u00e9sente une belle pi\u00e8ce d\u2019artisanat et de patrimoine automobile, id\u00e9ale pour les collectionneurs d\u2019objets anciens li\u00e9s \u00e0 l\u2019automobile ou \u00e0 l\u2019histoire du transport au d\u00e9but du XXe si\u00e8cle.<\/p>\n<p><strong>Contact<\/strong> : Pour plus de d\u00e9tails veuillez me contacter par mail ou t\u00e9l\u00e9phone.<\/p>\n<p><strong>Prix : 185euro<\/strong><\/p>\n","protected":false},"featured_media":572,"template":"","meta":{"site-sidebar-layout":"default","site-content-layout":"","ast-site-content-layout":"default","site-content-style":"default","site-sidebar-style":"default","ast-global-header-display":"","ast-banner-title-visibility":"","ast-main-header-display":"","ast-hfb-above-header-display":"","ast-hfb-below-header-display":"","ast-hfb-mobile-header-display":"","site-post-title":"","ast-breadcrumbs-content":"","ast-featured-img":"","footer-sml-layout":"","theme-transparent-header-meta":"default","adv-header-id-meta":"","stick-header-meta":"","header-above-stick-meta":"","header-main-stick-meta":"","header-below-stick-meta":"","astra-migrate-meta-layouts":"set","ast-page-background-enabled":"default","ast-page-background-meta":{"desktop":{"background-color":"var(--ast-global-color-4)","background-image":"","background-repeat":"repeat","background-position":"center center","background-size":"auto","background-attachment":"scroll","background-type":"","background-media":"","overlay-type":"","overlay-color":"","overlay-gradient":""},"tablet":{"background-color":"","background-image":"","background-repeat":"repeat","background-position":"center center","background-size":"auto","background-attachment":"scroll","background-type":"","background-media":"","overlay-type":"","overlay-color":"","overlay-gradient":""},"mobile":{"background-color":"","background-image":"","background-repeat":"repeat","background-position":"center center","background-size":"auto","background-attachment":"scroll","background-type":"","background-media":"","overlay-type":"","overlay-color":"","overlay-gradient":""}},"ast-content-background-meta":{"desktop":{"background-color":"var(--ast-global-color-5)","background-image":"","background-repeat":"repeat","background-position":"center center","background-size":"auto","background-attachment":"scroll","background-type":"","background-media":"","overlay-type":"","overlay-color":"","overlay-gradient":""},"tablet":{"background-color":"var(--ast-global-color-5)","background-image":"","background-repeat":"repeat","background-position":"center center","background-size":"auto","background-attachment":"scroll","background-type":"","background-media":"","overlay-type":"","overlay-color":"","overlay-gradient":""},"mobile":{"background-color":"var(--ast-global-color-5)","background-image":"","background-repeat":"repeat","background-position":"center center","background-size":"auto","background-attachment":"scroll","background-type":"","background-media":"","overlay-type":"","overlay-color":"","overlay-gradient":""}}},"product_cat":[38],"product_tag":[],"class_list":{"0":"post-611","1":"product","2":"type-product","3":"status-publish","4":"has-post-thumbnail","6":"product_cat-objets-de-collections-automobiles","7":"desktop-align-left","8":"tablet-align-left","9":"mobile-align-left","10":"ast-product-gallery-layout-horizontal-slider","11":"ast-product-gallery-with-no-image","12":"ast-product-tabs-layout-horizontal","14":"first","15":"instock","16":"shipping-taxable","17":"product-type-simple"},"jetpack_sharing_enabled":true,"_links":{"self":[{"href":"https:\/\/antiqueandco.be\/index.php?rest_route=\/wp\/v2\/product\/611","targetHints":{"allow":["GET"]}}],"collection":[{"href":"https:\/\/antiqueandco.be\/index.php?rest_route=\/wp\/v2\/product"}],"about":[{"href":"https:\/\/antiqueandco.be\/index.php?rest_route=\/wp\/v2\/types\/product"}],"wp:featuredmedia":[{"embeddable":true,"href":"https:\/\/antiqueandco.be\/index.php?rest_route=\/wp\/v2\/media\/572"}],"wp:attachment":[{"href":"https:\/\/antiqueandco.be\/index.php?rest_route=%2Fwp%2Fv2%2Fmedia&parent=611"}],"wp:term":[{"taxonomy":"product_cat","embeddable":true,"href":"https:\/\/antiqueandco.be\/index.php?rest_route=%2Fwp%2Fv2%2Fproduct_cat&post=611"},{"taxonomy":"product_tag","embeddable":true,"href":"https:\/\/antiqueandco.be\/index.php?rest_route=%2Fwp%2Fv2%2Fproduct_tag&post=611"}],"curies":[{"name":"wp","href":"https:\/\/api.w.org\/{rel}","templated":true}]}}