{"id":607,"date":"2024-11-14T17:33:23","date_gmt":"2024-11-14T16:33:23","guid":{"rendered":"http:\/\/antiqueandco.be\/?post_type=product&#038;p=607"},"modified":"2024-12-17T16:53:22","modified_gmt":"2024-12-17T15:53:22","slug":"tigre-en-jade","status":"publish","type":"product","link":"https:\/\/antiqueandco.be\/?product=tigre-en-jade","title":{"rendered":"Tigre en jade"},"content":{"rendered":"","protected":false},"excerpt":{"rendered":"<p><strong>Sculpture en jade &#8211; Tigre couch\u00e9, \u00e9poque Song (960-1279)<\/strong><\/p>\n<p>Cette \u00e9l\u00e9gante sculpture en jade repr\u00e9sente un tigre couch\u00e9, dans un style sobre et expressif typique de l&rsquo;art de l&rsquo;\u00e9poque Song. Le jade, d&rsquo;une teinte vert p\u00e2le nuanc\u00e9e de subtiles variations naturelles, est finement poli et pr\u00e9sente une patine qui t\u00e9moigne de son anciennet\u00e9.<\/p>\n<h3>Caract\u00e9ristiques :<\/h3>\n<ul>\n<li><strong>\u00c9poque<\/strong> : Dynastie Song (960-1279), Chine.<\/li>\n<li><strong>Mati\u00e8re<\/strong> : Jade (probablement n\u00e9phrite ou jad\u00e9ite), appr\u00e9ci\u00e9 pour sa duret\u00e9 et sa symbolique de puret\u00e9 et de long\u00e9vit\u00e9 dans la culture chinoise.<\/li>\n<li><strong>\u00c9tat<\/strong> : Bon \u00e9tat g\u00e9n\u00e9ral, avec des traces mineures d&rsquo;usure correspondant \u00e0 l&rsquo;\u00e2ge de la pi\u00e8ce.<\/li>\n<\/ul>\n<h3>Description :<\/h3>\n<p>Le tigre est finement sculpt\u00e9 avec une posture allong\u00e9e et des d\u00e9tails incis\u00e9s pour repr\u00e9senter le visage et les griffes, capturant l&rsquo;esprit paisible et protecteur souvent associ\u00e9 \u00e0 cet animal dans la culture chinoise. Ce type de figure en jade \u00e9tait souvent utilis\u00e9 comme symbole de protection et de force.<\/p>\n<h3>Provenance :<\/h3>\n<p>Les sculptures en jade de l&rsquo;\u00e9poque Song sont particuli\u00e8rement recherch\u00e9es pour leur simplicit\u00e9 \u00e9l\u00e9gante et leur symbolisme profond. Cette pi\u00e8ce, en bon \u00e9tat de conservation, est un bel exemple de l\u2019artisanat et de la spiritualit\u00e9 de cette \u00e9poque.<\/p>\n<p><strong>Contact<\/strong> : Pour plus de d\u00e9tails veuillez me contacter par mail ou t\u00e9l\u00e9phone.<\/p>\n<p><strong>Prix : 650euro<\/strong><\/p>\n","protected":false},"featured_media":560,"template":"","meta":{"site-sidebar-layout":"default","site-content-layout":"","ast-site-content-layout":"default","site-content-style":"default","site-sidebar-style":"default","ast-global-header-display":"","ast-banner-title-visibility":"","ast-main-header-display":"","ast-hfb-above-header-display":"","ast-hfb-below-header-display":"","ast-hfb-mobile-header-display":"","site-post-title":"","ast-breadcrumbs-content":"","ast-featured-img":"","footer-sml-layout":"","theme-transparent-header-meta":"default","adv-header-id-meta":"","stick-header-meta":"","header-above-stick-meta":"","header-main-stick-meta":"","header-below-stick-meta":"","astra-migrate-meta-layouts":"set","ast-page-background-enabled":"default","ast-page-background-meta":{"desktop":{"background-color":"var(--ast-global-color-4)","background-image":"","background-repeat":"repeat","background-position":"center center","background-size":"auto","background-attachment":"scroll","background-type":"","background-media":"","overlay-type":"","overlay-color":"","overlay-gradient":""},"tablet":{"background-color":"","background-image":"","background-repeat":"repeat","background-position":"center center","background-size":"auto","background-attachment":"scroll","background-type":"","background-media":"","overlay-type":"","overlay-color":"","overlay-gradient":""},"mobile":{"background-color":"","background-image":"","background-repeat":"repeat","background-position":"center center","background-size":"auto","background-attachment":"scroll","background-type":"","background-media":"","overlay-type":"","overlay-color":"","overlay-gradient":""}},"ast-content-background-meta":{"desktop":{"background-color":"var(--ast-global-color-5)","background-image":"","background-repeat":"repeat","background-position":"center center","background-size":"auto","background-attachment":"scroll","background-type":"","background-media":"","overlay-type":"","overlay-color":"","overlay-gradient":""},"tablet":{"background-color":"var(--ast-global-color-5)","background-image":"","background-repeat":"repeat","background-position":"center center","background-size":"auto","background-attachment":"scroll","background-type":"","background-media":"","overlay-type":"","overlay-color":"","overlay-gradient":""},"mobile":{"background-color":"var(--ast-global-color-5)","background-image":"","background-repeat":"repeat","background-position":"center center","background-size":"auto","background-attachment":"scroll","background-type":"","background-media":"","overlay-type":"","overlay-color":"","overlay-gradient":""}}},"product_cat":[26],"product_tag":[],"class_list":{"0":"post-607","1":"product","2":"type-product","3":"status-publish","4":"has-post-thumbnail","6":"product_cat-curiosites","7":"desktop-align-left","8":"tablet-align-left","9":"mobile-align-left","10":"ast-product-gallery-layout-horizontal-slider","11":"ast-product-tabs-layout-horizontal","13":"first","14":"instock","15":"shipping-taxable","16":"product-type-simple"},"jetpack_sharing_enabled":true,"_links":{"self":[{"href":"https:\/\/antiqueandco.be\/index.php?rest_route=\/wp\/v2\/product\/607","targetHints":{"allow":["GET"]}}],"collection":[{"href":"https:\/\/antiqueandco.be\/index.php?rest_route=\/wp\/v2\/product"}],"about":[{"href":"https:\/\/antiqueandco.be\/index.php?rest_route=\/wp\/v2\/types\/product"}],"wp:featuredmedia":[{"embeddable":true,"href":"https:\/\/antiqueandco.be\/index.php?rest_route=\/wp\/v2\/media\/560"}],"wp:attachment":[{"href":"https:\/\/antiqueandco.be\/index.php?rest_route=%2Fwp%2Fv2%2Fmedia&parent=607"}],"wp:term":[{"taxonomy":"product_cat","embeddable":true,"href":"https:\/\/antiqueandco.be\/index.php?rest_route=%2Fwp%2Fv2%2Fproduct_cat&post=607"},{"taxonomy":"product_tag","embeddable":true,"href":"https:\/\/antiqueandco.be\/index.php?rest_route=%2Fwp%2Fv2%2Fproduct_tag&post=607"}],"curies":[{"name":"wp","href":"https:\/\/api.w.org\/{rel}","templated":true}]}}