{"id":360,"date":"2023-11-14T16:05:09","date_gmt":"2023-11-14T15:05:09","guid":{"rendered":"https:\/\/antiqueandco.be\/?page_id=360"},"modified":"2024-02-19T14:15:16","modified_gmt":"2024-02-19T13:15:16","slug":"boutique","status":"publish","type":"page","link":"https:\/\/antiqueandco.be\/?page_id=360","title":{"rendered":"Boutique"},"content":{"rendered":"\t\t<div data-elementor-type=\"wp-page\" data-elementor-id=\"360\" class=\"elementor elementor-360\" data-elementor-post-type=\"page\">\n\t\t\t\t\t\t<section class=\"elementor-section elementor-top-section elementor-element elementor-element-ddfa42b elementor-section-boxed elementor-section-height-default elementor-section-height-default\" data-id=\"ddfa42b\" data-element_type=\"section\">\n\t\t\t\t\t\t<div class=\"elementor-container elementor-column-gap-default\">\n\t\t\t\t\t<div class=\"elementor-column elementor-col-100 elementor-top-column elementor-element elementor-element-c0cf7ef\" data-id=\"c0cf7ef\" data-element_type=\"column\">\n\t\t\t<div class=\"elementor-widget-wrap elementor-element-populated\">\n\t\t\t\t\t\t<div class=\"elementor-element elementor-element-11bfec1 elementor-widget elementor-widget-woocommerce-breadcrumb\" data-id=\"11bfec1\" data-element_type=\"widget\" data-widget_type=\"woocommerce-breadcrumb.default\">\n\t\t\t\t<div class=\"elementor-widget-container\">\n\t\t\t<nav class=\"woocommerce-breadcrumb\" aria-label=\"Breadcrumb\">Accueil<\/nav>\t\t<\/div>\n\t\t\t\t<\/div>\n\t\t\t\t\t<\/div>\n\t\t<\/div>\n\t\t\t\t\t<\/div>\n\t\t<\/section>\n\t\t\t\t<section class=\"elementor-section elementor-top-section elementor-element elementor-element-24e6cf4 elementor-section-boxed elementor-section-height-default elementor-section-height-default\" data-id=\"24e6cf4\" data-element_type=\"section\">\n\t\t\t\t\t\t<div class=\"elementor-container elementor-column-gap-default\">\n\t\t\t\t\t<div class=\"elementor-column elementor-col-100 elementor-top-column elementor-element elementor-element-331a71d\" data-id=\"331a71d\" data-element_type=\"column\">\n\t\t\t<div class=\"elementor-widget-wrap elementor-element-populated\">\n\t\t\t\t\t\t<div class=\"elementor-element elementor-element-5009741 elementor-grid-4 elementor-grid-tablet-3 elementor-grid-mobile-2 elementor-products-grid elementor-wc-products elementor-widget elementor-widget-woocommerce-products\" data-id=\"5009741\" data-element_type=\"widget\" data-widget_type=\"woocommerce-products.default\">\n\t\t\t\t<div class=\"elementor-widget-container\">\n\t\t\t<div class=\"woocommerce columns-4 \"><ul class=\"products elementor-grid columns-4\">\n<li class=\"desktop-align-left tablet-align-left mobile-align-left ast-product-gallery-layout-horizontal-slider ast-product-tabs-layout-horizontal product type-product post-607 status-publish first instock product_cat-curiosites has-post-thumbnail shipping-taxable product-type-simple\">\n\t<a href=\"https:\/\/antiqueandco.be\/?product=tigre-en-jade\" class=\"woocommerce-LoopProduct-link woocommerce-loop-product__link\"><img fetchpriority=\"high\" decoding=\"async\" width=\"300\" height=\"300\" src=\"https:\/\/antiqueandco.be\/wp-content\/uploads\/2024\/11\/1000045624-1-300x300.jpg\" class=\"attachment-woocommerce_thumbnail size-woocommerce_thumbnail\" alt=\"\" srcset=\"https:\/\/antiqueandco.be\/wp-content\/uploads\/2024\/11\/1000045624-1-300x300.jpg 300w, https:\/\/antiqueandco.be\/wp-content\/uploads\/2024\/11\/1000045624-1-1024x1024.jpg 1024w, https:\/\/antiqueandco.be\/wp-content\/uploads\/2024\/11\/1000045624-1-150x150.jpg 150w, https:\/\/antiqueandco.be\/wp-content\/uploads\/2024\/11\/1000045624-1-768x768.jpg 768w, https:\/\/antiqueandco.be\/wp-content\/uploads\/2024\/11\/1000045624-1-1536x1536.jpg 1536w, https:\/\/antiqueandco.be\/wp-content\/uploads\/2024\/11\/1000045624-1-2048x2048.jpg 2048w, https:\/\/antiqueandco.be\/wp-content\/uploads\/2024\/11\/1000045624-1-1320x1320.jpg 1320w, https:\/\/antiqueandco.be\/wp-content\/uploads\/2024\/11\/1000045624-1-600x600.jpg 600w, https:\/\/antiqueandco.be\/wp-content\/uploads\/2024\/11\/1000045624-1-100x100.jpg 100w\" sizes=\"(max-width: 300px) 100vw, 300px\" \/><h2 class=\"woocommerce-loop-product__title\">Tigre en jade<\/h2>\n<\/a><a href=\"https:\/\/antiqueandco.be\/?product=tigre-en-jade\" aria-describedby=\"woocommerce_loop_add_to_cart_link_describedby_607\" data-quantity=\"1\" class=\"button product_type_simple \" data-product_id=\"607\" data-product_sku=\"\" aria-label=\"En savoir plus sur &ldquo;Tigre en jade&rdquo;\" rel=\"nofollow\" data-success_message=\"\">Lire la suite<\/a>\t<span id=\"woocommerce_loop_add_to_cart_link_describedby_607\" class=\"screen-reader-text\">\n\t\t\t<\/span>\n<\/li>\n<li class=\"desktop-align-left tablet-align-left mobile-align-left ast-product-gallery-layout-horizontal-slider ast-product-tabs-layout-horizontal product type-product post-629 status-publish instock product_cat-deco-interieure has-post-thumbnail shipping-taxable product-type-simple\">\n\t<a href=\"https:\/\/antiqueandco.be\/?product=panneau-de-bois-sculpte\" class=\"woocommerce-LoopProduct-link woocommerce-loop-product__link\"><img decoding=\"async\" width=\"300\" height=\"300\" src=\"https:\/\/antiqueandco.be\/wp-content\/uploads\/2024\/11\/1000046228-300x300.jpg\" class=\"attachment-woocommerce_thumbnail size-woocommerce_thumbnail\" alt=\"\" srcset=\"https:\/\/antiqueandco.be\/wp-content\/uploads\/2024\/11\/1000046228-300x300.jpg 300w, https:\/\/antiqueandco.be\/wp-content\/uploads\/2024\/11\/1000046228-1024x1024.jpg 1024w, https:\/\/antiqueandco.be\/wp-content\/uploads\/2024\/11\/1000046228-150x150.jpg 150w, https:\/\/antiqueandco.be\/wp-content\/uploads\/2024\/11\/1000046228-768x768.jpg 768w, https:\/\/antiqueandco.be\/wp-content\/uploads\/2024\/11\/1000046228-1536x1536.jpg 1536w, https:\/\/antiqueandco.be\/wp-content\/uploads\/2024\/11\/1000046228-2048x2048.jpg 2048w, https:\/\/antiqueandco.be\/wp-content\/uploads\/2024\/11\/1000046228-1320x1320.jpg 1320w, https:\/\/antiqueandco.be\/wp-content\/uploads\/2024\/11\/1000046228-600x600.jpg 600w, https:\/\/antiqueandco.be\/wp-content\/uploads\/2024\/11\/1000046228-100x100.jpg 100w\" sizes=\"(max-width: 300px) 100vw, 300px\" \/><h2 class=\"woocommerce-loop-product__title\">Panneau de bois sculpt\u00e9<\/h2>\n<\/a><a href=\"https:\/\/antiqueandco.be\/?product=panneau-de-bois-sculpte\" aria-describedby=\"woocommerce_loop_add_to_cart_link_describedby_629\" data-quantity=\"1\" class=\"button product_type_simple \" data-product_id=\"629\" data-product_sku=\"\" aria-label=\"En savoir plus sur &ldquo;Panneau de bois sculpt\u00e9&rdquo;\" rel=\"nofollow\" data-success_message=\"\">Lire la suite<\/a>\t<span id=\"woocommerce_loop_add_to_cart_link_describedby_629\" class=\"screen-reader-text\">\n\t\t\t<\/span>\n<\/li>\n<li class=\"desktop-align-left tablet-align-left mobile-align-left ast-product-gallery-layout-horizontal-slider ast-product-tabs-layout-horizontal product type-product post-614 status-publish instock product_cat-deco-interieure has-post-thumbnail shipping-taxable product-type-simple\">\n\t<a href=\"https:\/\/antiqueandco.be\/?product=decoration-chinoise\" class=\"woocommerce-LoopProduct-link woocommerce-loop-product__link\"><img decoding=\"async\" width=\"300\" height=\"300\" src=\"https:\/\/antiqueandco.be\/wp-content\/uploads\/2024\/11\/1000046223-300x300.jpg\" class=\"attachment-woocommerce_thumbnail size-woocommerce_thumbnail\" alt=\"\" srcset=\"https:\/\/antiqueandco.be\/wp-content\/uploads\/2024\/11\/1000046223-300x300.jpg 300w, https:\/\/antiqueandco.be\/wp-content\/uploads\/2024\/11\/1000046223-1024x1024.jpg 1024w, https:\/\/antiqueandco.be\/wp-content\/uploads\/2024\/11\/1000046223-150x150.jpg 150w, https:\/\/antiqueandco.be\/wp-content\/uploads\/2024\/11\/1000046223-768x768.jpg 768w, https:\/\/antiqueandco.be\/wp-content\/uploads\/2024\/11\/1000046223-1536x1536.jpg 1536w, https:\/\/antiqueandco.be\/wp-content\/uploads\/2024\/11\/1000046223-2048x2048.jpg 2048w, https:\/\/antiqueandco.be\/wp-content\/uploads\/2024\/11\/1000046223-1320x1320.jpg 1320w, https:\/\/antiqueandco.be\/wp-content\/uploads\/2024\/11\/1000046223-600x600.jpg 600w, https:\/\/antiqueandco.be\/wp-content\/uploads\/2024\/11\/1000046223-100x100.jpg 100w\" sizes=\"(max-width: 300px) 100vw, 300px\" \/><h2 class=\"woocommerce-loop-product__title\">D\u00e9coration chinoise<\/h2>\n<\/a><a href=\"https:\/\/antiqueandco.be\/?product=decoration-chinoise\" aria-describedby=\"woocommerce_loop_add_to_cart_link_describedby_614\" data-quantity=\"1\" class=\"button product_type_simple \" data-product_id=\"614\" data-product_sku=\"\" aria-label=\"En savoir plus sur &ldquo;D\u00e9coration chinoise&rdquo;\" rel=\"nofollow\" data-success_message=\"\">Lire la suite<\/a>\t<span id=\"woocommerce_loop_add_to_cart_link_describedby_614\" class=\"screen-reader-text\">\n\t\t\t<\/span>\n<\/li>\n<li class=\"desktop-align-left tablet-align-left mobile-align-left ast-product-gallery-layout-horizontal-slider ast-product-tabs-layout-horizontal product type-product post-612 status-publish last instock product_cat-verrerie-et-vaiselle has-post-thumbnail shipping-taxable product-type-simple\">\n\t<a href=\"https:\/\/antiqueandco.be\/?product=verres-val-saint-lambert\" class=\"woocommerce-LoopProduct-link woocommerce-loop-product__link\"><img loading=\"lazy\" decoding=\"async\" width=\"300\" height=\"300\" src=\"https:\/\/antiqueandco.be\/wp-content\/uploads\/2024\/11\/1000045656-1-300x300.jpg\" class=\"attachment-woocommerce_thumbnail size-woocommerce_thumbnail\" alt=\"\" srcset=\"https:\/\/antiqueandco.be\/wp-content\/uploads\/2024\/11\/1000045656-1-300x300.jpg 300w, https:\/\/antiqueandco.be\/wp-content\/uploads\/2024\/11\/1000045656-1-150x150.jpg 150w, https:\/\/antiqueandco.be\/wp-content\/uploads\/2024\/11\/1000045656-1-100x100.jpg 100w\" sizes=\"(max-width: 300px) 100vw, 300px\" \/><h2 class=\"woocommerce-loop-product__title\">Verres Val Saint Lambert<\/h2>\n<\/a><a href=\"https:\/\/antiqueandco.be\/?product=verres-val-saint-lambert\" aria-describedby=\"woocommerce_loop_add_to_cart_link_describedby_612\" data-quantity=\"1\" class=\"button product_type_simple \" data-product_id=\"612\" data-product_sku=\"\" aria-label=\"En savoir plus sur &ldquo;Verres Val Saint Lambert&rdquo;\" rel=\"nofollow\" data-success_message=\"\">Lire la suite<\/a>\t<span id=\"woocommerce_loop_add_to_cart_link_describedby_612\" class=\"screen-reader-text\">\n\t\t\t<\/span>\n<\/li>\n<li class=\"desktop-align-left tablet-align-left mobile-align-left ast-product-gallery-layout-horizontal-slider ast-product-gallery-with-no-image ast-product-tabs-layout-horizontal product type-product post-611 status-publish first instock product_cat-objets-de-collections-automobiles has-post-thumbnail shipping-taxable product-type-simple\">\n\t<a href=\"https:\/\/antiqueandco.be\/?product=badge-automobile\" class=\"woocommerce-LoopProduct-link woocommerce-loop-product__link\"><img loading=\"lazy\" decoding=\"async\" width=\"300\" height=\"300\" src=\"https:\/\/antiqueandco.be\/wp-content\/uploads\/2024\/11\/1000046028-1-300x300.jpg\" class=\"attachment-woocommerce_thumbnail size-woocommerce_thumbnail\" alt=\"\" srcset=\"https:\/\/antiqueandco.be\/wp-content\/uploads\/2024\/11\/1000046028-1-300x300.jpg 300w, https:\/\/antiqueandco.be\/wp-content\/uploads\/2024\/11\/1000046028-1-1024x1024.jpg 1024w, https:\/\/antiqueandco.be\/wp-content\/uploads\/2024\/11\/1000046028-1-150x150.jpg 150w, https:\/\/antiqueandco.be\/wp-content\/uploads\/2024\/11\/1000046028-1-768x768.jpg 768w, https:\/\/antiqueandco.be\/wp-content\/uploads\/2024\/11\/1000046028-1-1536x1536.jpg 1536w, https:\/\/antiqueandco.be\/wp-content\/uploads\/2024\/11\/1000046028-1-2048x2048.jpg 2048w, https:\/\/antiqueandco.be\/wp-content\/uploads\/2024\/11\/1000046028-1-1320x1320.jpg 1320w, https:\/\/antiqueandco.be\/wp-content\/uploads\/2024\/11\/1000046028-1-600x600.jpg 600w, https:\/\/antiqueandco.be\/wp-content\/uploads\/2024\/11\/1000046028-1-100x100.jpg 100w\" sizes=\"(max-width: 300px) 100vw, 300px\" \/><h2 class=\"woocommerce-loop-product__title\">Badge automobile<\/h2>\n<\/a><a href=\"https:\/\/antiqueandco.be\/?product=badge-automobile\" aria-describedby=\"woocommerce_loop_add_to_cart_link_describedby_611\" data-quantity=\"1\" class=\"button product_type_simple \" data-product_id=\"611\" data-product_sku=\"\" aria-label=\"En savoir plus sur &ldquo;Badge automobile&rdquo;\" rel=\"nofollow\" data-success_message=\"\">Lire la suite<\/a>\t<span id=\"woocommerce_loop_add_to_cart_link_describedby_611\" class=\"screen-reader-text\">\n\t\t\t<\/span>\n<\/li>\n<li class=\"desktop-align-left tablet-align-left mobile-align-left ast-product-gallery-layout-horizontal-slider ast-product-tabs-layout-horizontal product type-product post-591 status-publish instock product_cat-montres has-post-thumbnail shipping-taxable product-type-simple\">\n\t<a href=\"https:\/\/antiqueandco.be\/?product=montre-de-poche-roskopf\" class=\"woocommerce-LoopProduct-link woocommerce-loop-product__link\"><img loading=\"lazy\" decoding=\"async\" width=\"300\" height=\"300\" src=\"https:\/\/antiqueandco.be\/wp-content\/uploads\/2024\/11\/1000046041-1-300x300.jpg\" class=\"attachment-woocommerce_thumbnail size-woocommerce_thumbnail\" alt=\"\" srcset=\"https:\/\/antiqueandco.be\/wp-content\/uploads\/2024\/11\/1000046041-1-300x300.jpg 300w, https:\/\/antiqueandco.be\/wp-content\/uploads\/2024\/11\/1000046041-1-1024x1024.jpg 1024w, https:\/\/antiqueandco.be\/wp-content\/uploads\/2024\/11\/1000046041-1-150x150.jpg 150w, https:\/\/antiqueandco.be\/wp-content\/uploads\/2024\/11\/1000046041-1-768x768.jpg 768w, https:\/\/antiqueandco.be\/wp-content\/uploads\/2024\/11\/1000046041-1-1536x1536.jpg 1536w, https:\/\/antiqueandco.be\/wp-content\/uploads\/2024\/11\/1000046041-1-2048x2048.jpg 2048w, https:\/\/antiqueandco.be\/wp-content\/uploads\/2024\/11\/1000046041-1-1320x1320.jpg 1320w, https:\/\/antiqueandco.be\/wp-content\/uploads\/2024\/11\/1000046041-1-600x600.jpg 600w, https:\/\/antiqueandco.be\/wp-content\/uploads\/2024\/11\/1000046041-1-100x100.jpg 100w\" sizes=\"(max-width: 300px) 100vw, 300px\" \/><h2 class=\"woocommerce-loop-product__title\">Montre de poche Roskopf<\/h2>\n<\/a><a href=\"https:\/\/antiqueandco.be\/?product=montre-de-poche-roskopf\" aria-describedby=\"woocommerce_loop_add_to_cart_link_describedby_591\" data-quantity=\"1\" class=\"button product_type_simple \" data-product_id=\"591\" data-product_sku=\"\" aria-label=\"En savoir plus sur &ldquo;Montre de poche Roskopf&rdquo;\" rel=\"nofollow\" data-success_message=\"\">Lire la suite<\/a>\t<span id=\"woocommerce_loop_add_to_cart_link_describedby_591\" class=\"screen-reader-text\">\n\t\t\t<\/span>\n<\/li>\n<li class=\"desktop-align-left tablet-align-left mobile-align-left ast-product-gallery-layout-horizontal-slider ast-product-gallery-with-no-image ast-product-tabs-layout-horizontal product type-product post-312 status-publish instock product_cat-mobiliers has-post-thumbnail shipping-taxable product-type-simple\">\n\t<a href=\"https:\/\/antiqueandco.be\/?product=chaises\" class=\"woocommerce-LoopProduct-link woocommerce-loop-product__link\"><img loading=\"lazy\" decoding=\"async\" width=\"300\" height=\"300\" src=\"https:\/\/antiqueandco.be\/wp-content\/uploads\/2023\/10\/20220823_chaisses_600-300x300.jpg\" class=\"attachment-woocommerce_thumbnail size-woocommerce_thumbnail\" alt=\"\" srcset=\"https:\/\/antiqueandco.be\/wp-content\/uploads\/2023\/10\/20220823_chaisses_600-300x300.jpg 300w, https:\/\/antiqueandco.be\/wp-content\/uploads\/2023\/10\/20220823_chaisses_600-150x150.jpg 150w, https:\/\/antiqueandco.be\/wp-content\/uploads\/2023\/10\/20220823_chaisses_600-100x100.jpg 100w, https:\/\/antiqueandco.be\/wp-content\/uploads\/2023\/10\/20220823_chaisses_600.jpg 600w\" sizes=\"(max-width: 300px) 100vw, 300px\" \/><h2 class=\"woocommerce-loop-product__title\">4 fauteuils<\/h2>\n\t<span class=\"price\">Prix sur demande<\/span>\n<\/a><a href=\"https:\/\/antiqueandco.be\/?product=chaises\" aria-describedby=\"woocommerce_loop_add_to_cart_link_describedby_312\" data-quantity=\"1\" class=\"button product_type_simple \" data-product_id=\"312\" data-product_sku=\"\" aria-label=\"En savoir plus sur &ldquo;4 fauteuils&rdquo;\" rel=\"nofollow\" data-success_message=\"\">Lire la suite<\/a>\t<span id=\"woocommerce_loop_add_to_cart_link_describedby_312\" class=\"screen-reader-text\">\n\t\t\t<\/span>\n<\/li>\n<\/ul>\n<\/div>\t\t<\/div>\n\t\t\t\t<\/div>\n\t\t\t\t\t<\/div>\n\t\t<\/div>\n\t\t\t\t\t<\/div>\n\t\t<\/section>\n\t\t\t\t<section class=\"elementor-section elementor-top-section elementor-element elementor-element-70089fa elementor-section-boxed elementor-section-height-default elementor-section-height-default\" data-id=\"70089fa\" data-element_type=\"section\">\n\t\t\t\t\t\t<div class=\"elementor-container elementor-column-gap-default\">\n\t\t\t\t\t<div class=\"elementor-column elementor-col-100 elementor-top-column elementor-element elementor-element-a9eb75c\" data-id=\"a9eb75c\" data-element_type=\"column\">\n\t\t\t<div class=\"elementor-widget-wrap elementor-element-populated\">\n\t\t\t\t\t\t<div class=\"elementor-element elementor-element-ce022fe elementor-grid-4 elementor-grid-tablet-3 elementor-grid-mobile-2 elementor-products-grid elementor-wc-products elementor-widget elementor-widget-wc-categories\" data-id=\"ce022fe\" data-element_type=\"widget\" data-widget_type=\"wc-categories.default\">\n\t\t\t\t<div class=\"elementor-widget-container\">\n\t\t\t<div class=\"woocommerce columns-4\"><ul class=\"products elementor-grid columns-4\">\n<li class=\"product-category product first\">\n\t<a aria-label=\"Acc\u00e9der \u00e0 la cat\u00e9gorie de produits Verrerie et vaiselle\" href=\"https:\/\/antiqueandco.be\/?product_cat=verrerie-et-vaiselle\"><img loading=\"lazy\" decoding=\"async\" src=\"https:\/\/antiqueandco.be\/wp-content\/uploads\/2024\/02\/cat_verrerie-300x300.jpg\" alt=\"Verrerie et vaiselle\" width=\"300\" height=\"300\" srcset=\"https:\/\/antiqueandco.be\/wp-content\/uploads\/2024\/02\/cat_verrerie-300x300.jpg 300w, https:\/\/antiqueandco.be\/wp-content\/uploads\/2024\/02\/cat_verrerie-150x150.jpg 150w, https:\/\/antiqueandco.be\/wp-content\/uploads\/2024\/02\/cat_verrerie-100x100.jpg 100w, https:\/\/antiqueandco.be\/wp-content\/uploads\/2024\/02\/cat_verrerie.jpg 400w\" sizes=\"(max-width: 300px) 100vw, 300px\" \/>\t\t<h2 class=\"woocommerce-loop-category__title\">\n\t\t\tVerrerie et vaiselle<mark class=\"count\">1 produit<\/mark>\t\t<\/h2>\n\t\t<\/a><\/li>\n<li class=\"product-category product\">\n\t<a aria-label=\"Acc\u00e9der \u00e0 la cat\u00e9gorie de produits Objets de curiosit\u00e9\" href=\"https:\/\/antiqueandco.be\/?product_cat=curiosites\"><img loading=\"lazy\" decoding=\"async\" src=\"https:\/\/antiqueandco.be\/wp-content\/uploads\/2024\/02\/obj_cabinet-300x300.jpg\" alt=\"Objets de curiosit\u00e9\" width=\"300\" height=\"300\" srcset=\"https:\/\/antiqueandco.be\/wp-content\/uploads\/2024\/02\/obj_cabinet-300x300.jpg 300w, https:\/\/antiqueandco.be\/wp-content\/uploads\/2024\/02\/obj_cabinet-150x150.jpg 150w, https:\/\/antiqueandco.be\/wp-content\/uploads\/2024\/02\/obj_cabinet-100x100.jpg 100w, https:\/\/antiqueandco.be\/wp-content\/uploads\/2024\/02\/obj_cabinet.jpg 400w\" sizes=\"(max-width: 300px) 100vw, 300px\" \/>\t\t<h2 class=\"woocommerce-loop-category__title\">\n\t\t\tObjets de curiosit\u00e9<mark class=\"count\">1 produit<\/mark>\t\t<\/h2>\n\t\t<\/a><\/li>\n<li class=\"product-category product\">\n\t<a aria-label=\"Acc\u00e9der \u00e0 la cat\u00e9gorie de produits Objets de collections automobiles\" href=\"https:\/\/antiqueandco.be\/?product_cat=objets-de-collections-automobiles\"><img loading=\"lazy\" decoding=\"async\" src=\"https:\/\/antiqueandco.be\/wp-content\/uploads\/woocommerce-placeholder.png\" alt=\"Objets de collections automobiles\" width=\"300\" height=\"300\" \/>\t\t<h2 class=\"woocommerce-loop-category__title\">\n\t\t\tObjets de collections automobiles<mark class=\"count\">1 produit<\/mark>\t\t<\/h2>\n\t\t<\/a><\/li>\n<li class=\"product-category product last\">\n\t<a aria-label=\"Acc\u00e9der \u00e0 la cat\u00e9gorie de produits Montres\" href=\"https:\/\/antiqueandco.be\/?product_cat=montres\"><img loading=\"lazy\" decoding=\"async\" src=\"https:\/\/antiqueandco.be\/wp-content\/uploads\/woocommerce-placeholder.png\" alt=\"Montres\" width=\"300\" height=\"300\" \/>\t\t<h2 class=\"woocommerce-loop-category__title\">\n\t\t\tMontres<mark class=\"count\">1 produit<\/mark>\t\t<\/h2>\n\t\t<\/a><\/li>\n<\/ul>\n<\/div>\t\t<\/div>\n\t\t\t\t<\/div>\n\t\t\t\t\t<\/div>\n\t\t<\/div>\n\t\t\t\t\t<\/div>\n\t\t<\/section>\n\t\t\t\t<\/div>\n\t\t","protected":false},"excerpt":{"rendered":"","protected":false},"author":1,"featured_media":0,"parent":0,"menu_order":0,"comment_status":"closed","ping_status":"closed","template":"elementor_header_footer","meta":{"site-sidebar-layout":"no-sidebar","site-content-layout":"","ast-site-content-layout":"full-width-container","site-content-style":"default","site-sidebar-style":"default","ast-global-header-display":"","ast-banner-title-visibility":"","ast-main-header-display":"","ast-hfb-above-header-display":"","ast-hfb-below-header-display":"","ast-hfb-mobile-header-display":"","site-post-title":"disabled","ast-breadcrumbs-content":"","ast-featured-img":"disabled","footer-sml-layout":"","theme-transparent-header-meta":"","adv-header-id-meta":"","stick-header-meta":"","header-above-stick-meta":"","header-main-stick-meta":"","header-below-stick-meta":"","astra-migrate-meta-layouts":"default","ast-page-background-enabled":"default","ast-page-background-meta":{"desktop":{"background-color":"var(--ast-global-color-4)","background-image":"","background-repeat":"repeat","background-position":"center center","background-size":"auto","background-attachment":"scroll","background-type":"","background-media":"","overlay-type":"","overlay-color":"","overlay-gradient":""},"tablet":{"background-color":"","background-image":"","background-repeat":"repeat","background-position":"center center","background-size":"auto","background-attachment":"scroll","background-type":"","background-media":"","overlay-type":"","overlay-color":"","overlay-gradient":""},"mobile":{"background-color":"","background-image":"","background-repeat":"repeat","background-position":"center center","background-size":"auto","background-attachment":"scroll","background-type":"","background-media":"","overlay-type":"","overlay-color":"","overlay-gradient":""}},"ast-content-background-meta":{"desktop":{"background-color":"var(--ast-global-color-5)","background-image":"","background-repeat":"repeat","background-position":"center center","background-size":"auto","background-attachment":"scroll","background-type":"","background-media":"","overlay-type":"","overlay-color":"","overlay-gradient":""},"tablet":{"background-color":"var(--ast-global-color-5)","background-image":"","background-repeat":"repeat","background-position":"center center","background-size":"auto","background-attachment":"scroll","background-type":"","background-media":"","overlay-type":"","overlay-color":"","overlay-gradient":""},"mobile":{"background-color":"var(--ast-global-color-5)","background-image":"","background-repeat":"repeat","background-position":"center center","background-size":"auto","background-attachment":"scroll","background-type":"","background-media":"","overlay-type":"","overlay-color":"","overlay-gradient":""}},"footnotes":""},"class_list":["post-360","page","type-page","status-publish","hentry"],"jetpack_sharing_enabled":true,"_links":{"self":[{"href":"https:\/\/antiqueandco.be\/index.php?rest_route=\/wp\/v2\/pages\/360","targetHints":{"allow":["GET"]}}],"collection":[{"href":"https:\/\/antiqueandco.be\/index.php?rest_route=\/wp\/v2\/pages"}],"about":[{"href":"https:\/\/antiqueandco.be\/index.php?rest_route=\/wp\/v2\/types\/page"}],"author":[{"embeddable":true,"href":"https:\/\/antiqueandco.be\/index.php?rest_route=\/wp\/v2\/users\/1"}],"replies":[{"embeddable":true,"href":"https:\/\/antiqueandco.be\/index.php?rest_route=%2Fwp%2Fv2%2Fcomments&post=360"}],"version-history":[{"count":13,"href":"https:\/\/antiqueandco.be\/index.php?rest_route=\/wp\/v2\/pages\/360\/revisions"}],"predecessor-version":[{"id":423,"href":"https:\/\/antiqueandco.be\/index.php?rest_route=\/wp\/v2\/pages\/360\/revisions\/423"}],"wp:attachment":[{"href":"https:\/\/antiqueandco.be\/index.php?rest_route=%2Fwp%2Fv2%2Fmedia&parent=360"}],"curies":[{"name":"wp","href":"https:\/\/api.w.org\/{rel}","templated":true}]}}